{"id":730,"date":"2022-09-21T16:15:07","date_gmt":"2022-09-21T16:15:07","guid":{"rendered":"https:\/\/www.tunnevirtaamo.fi\/?page_id=730"},"modified":"2024-12-09T06:26:17","modified_gmt":"2024-12-09T06:26:17","slug":"730-2","status":"publish","type":"page","link":"https:\/\/www.tunnevirtaamo.fi\/index.php\/730-2\/","title":{"rendered":"Kuvataiteilija"},"content":{"rendered":"\n\n\t<p>Taulut voit hankkia itsellesi my\u00f6s osamaksulla Klarnalta. Ota yhteytt\u00e4 kuvataiteilijaan Jenni Santavaan puh. 0440697609 saat lis\u00e4tietoja maksuvaihtoehdoista.<\/p>\n\t\t\t\t<img loading=\"lazy\" src=\"https:\/\/www.tunnevirtaamo.fi\/wp-content\/uploads\/2022\/09\/Elaman-syvyys.jpg\" alt=\"hdrpl\" itemprop=\"image\" height=\"1784\" width=\"1783\" title=\"hdrpl\" onerror=\"this.style.display='none'\"  \/>\n\tMYYTY<br \/>\n&#8221;El\u00e4m\u00e4n syvyys&#8221; 90&#215;90 Akryyli ja \u00f6ljyv\u00e4ri\n\t\t\t\t<img loading=\"lazy\" src=\"https:\/\/www.tunnevirtaamo.fi\/wp-content\/uploads\/2022\/09\/Lost-in-Africa.jpg\" alt=\"oznorCOQR\" itemprop=\"image\" height=\"2015\" width=\"2025\" title=\"oznorCOQR\" onerror=\"this.style.display='none'\"  \/>\n\t<p>&#8221;Lost in Africa&#8221; 90&#215;90 Akryyli ja \u00f6ljyv\u00e4ri.\u00a0790,-<\/p>\n\t\t\t\t<img loading=\"lazy\" src=\"https:\/\/www.tunnevirtaamo.fi\/wp-content\/uploads\/2022\/09\/Night-party-120x103-1-scaled.jpg\" alt=\"Night party\" 120x103\" itemprop=\"image\" height=\"2560\" width=\"2178\" title=\"Night party\" 120x103\" onerror=\"this.style.display='none'\"  \/>\n\t<p>&#8221;Night party&#8221; 120&#215;103 Akryyli koivuvanerille. Kehystetty ja ripustus valmis.<\/p>\n<p>690,-<\/p>\n\t\t\t\t<img loading=\"lazy\" src=\"https:\/\/www.tunnevirtaamo.fi\/wp-content\/uploads\/2023\/01\/Pelon-kourissa.jpg\" alt=\"Pelon vanki\" itemprop=\"image\" height=\"1280\" width=\"916\" title=\"Pelon vanki\" onerror=\"this.style.display='none'\"  \/>\n\t<p>MYYTY<\/p>\n<p>&#8221;Pelon vanki&#8221;<\/p>\n\t\t\t\t<img loading=\"lazy\" src=\"https:\/\/www.tunnevirtaamo.fi\/wp-content\/uploads\/2023\/01\/Space-to-bread.png\" alt=\"Space to bread\" itemprop=\"image\" height=\"1280\" width=\"960\" title=\"Space to bread\" onerror=\"this.style.display='none'\"  \/>\n\t12 osainen &#8221;Space to bread&#8221;\n99&#215;74 sekatekniikka\n750,-\n\t\t\t\t<img loading=\"lazy\" src=\"https:\/\/www.tunnevirtaamo.fi\/wp-content\/uploads\/2022\/09\/Hattivatti-in-wonderland.jpg\" alt=\"Hattivatti in wonderland\" itemprop=\"image\" height=\"526\" width=\"1080\" title=\"Hattivatti in wonderland\" onerror=\"this.style.display='none'\"  \/>\n\t<p>&#8221;Hattivatti in wonderland&#8221; Kaksi osainen. 60&#215;60 Akryyli koivuvanerille.\u00a01. osa 349,- 2. osa 349,- yhdess\u00e4 590,-<\/p>\n\t\t\t\t<img loading=\"lazy\" src=\"https:\/\/www.tunnevirtaamo.fi\/wp-content\/uploads\/2023\/11\/Irtipaastaminen.jpg\" alt=\"Irtip\u00e4\u00e4st\u00e4minen\" itemprop=\"image\" height=\"709\" width=\"468\" title=\"Irtip\u00e4\u00e4st\u00e4minen\" onerror=\"this.style.display='none'\"  \/>\n\t&#8221;Irtip\u00e4\u00e4st\u00e4minen&#8221; 150&#215;100 hiili ja akryyli\n1000,-\n\t\t\t\t<img loading=\"lazy\" src=\"https:\/\/www.tunnevirtaamo.fi\/wp-content\/uploads\/2023\/11\/IMG-0569.jpg\" alt=\"Lepohetki\" itemprop=\"image\" height=\"1000\" width=\"650\" title=\"Lepohetki\" onerror=\"this.style.display='none'\"  \/>\n\t&#8221;Lepohetki&#8221; 120&#215;80 Sekatekniikka<br \/>\n790,-\n\t\t\t\t<img loading=\"lazy\" src=\"https:\/\/www.tunnevirtaamo.fi\/wp-content\/uploads\/2023\/11\/IMG-0579-scaled.jpg\" alt=\"T\u00e4m\u00e4 hetki\" itemprop=\"image\" height=\"1722\" width=\"2560\" title=\"T\u00e4m\u00e4 hetki\" onerror=\"this.style.display='none'\"  \/>\n\t3 osainen &#8221;T\u00e4m\u00e4 hetki&#8221; 200&#215;300.\nAkryyli ja \u00f6ljyv\u00e4ri.\n1900,-\n\t\t\t\t<img loading=\"lazy\" src=\"https:\/\/www.tunnevirtaamo.fi\/wp-content\/uploads\/2023\/11\/IMG_20220614_235831_601.jpg\" alt=\"Sunflower\" itemprop=\"image\" height=\"2161\" width=\"2161\" title=\"Sunflower\" onerror=\"this.style.display='none'\"  \/>\n\t&#8221;Sunflower&#8221; 90&#215;90 on teos opiskeluajaltani\n\u00d6ljyv\u00e4ri\n450,-\n\n","protected":false},"excerpt":{"rendered":"<p>Taulut voit hankkia itsellesi my\u00f6s osamaksulla Klarnalta. Ota yhteytt\u00e4 kuvataiteilijaan Jenni Santavaan puh. 0440697609 saat lis\u00e4tietoja maksuvaihtoehdoista. MYYTY &#8221;El\u00e4m\u00e4n syvyys&#8221; 90&#215;90 Akryyli ja \u00f6ljyv\u00e4ri &#8221;Lost in Africa&#8221; 90&#215;90 Akryyli ja \u00f6ljyv\u00e4ri.\u00a0790,- &#8221;Night party&#8221; 120&#215;103 Akryyli koivuvanerille. Kehystetty ja ripustus valmis. 690,- MYYTY &#8221;Pelon vanki&#8221; 12 osainen &#8221;Space to bread&#8221; 99&#215;74 sekatekniikka 750,- &#8221;Hattivatti in wonderland&#8221;<span class=\"dots\"> &hellip; <\/span><span class=\"link-more\"><a href=\"https:\/\/www.tunnevirtaamo.fi\/index.php\/730-2\/\" class=\"more-link\">Read more <span class=\"screen-reader-text\">&#8221;Kuvataiteilija&#8221;<\/span><\/a><\/span><\/p>\n","protected":false},"author":1,"featured_media":0,"parent":0,"menu_order":0,"comment_status":"closed","ping_status":"closed","template":"","meta":{"_mi_skip_tracking":false},"_links":{"self":[{"href":"https:\/\/www.tunnevirtaamo.fi\/index.php\/wp-json\/wp\/v2\/pages\/730"}],"collection":[{"href":"https:\/\/www.tunnevirtaamo.fi\/index.php\/wp-json\/wp\/v2\/pages"}],"about":[{"href":"https:\/\/www.tunnevirtaamo.fi\/index.php\/wp-json\/wp\/v2\/types\/page"}],"author":[{"embeddable":true,"href":"https:\/\/www.tunnevirtaamo.fi\/index.php\/wp-json\/wp\/v2\/users\/1"}],"replies":[{"embeddable":true,"href":"https:\/\/www.tunnevirtaamo.fi\/index.php\/wp-json\/wp\/v2\/comments?post=730"}],"version-history":[{"count":41,"href":"https:\/\/www.tunnevirtaamo.fi\/index.php\/wp-json\/wp\/v2\/pages\/730\/revisions"}],"predecessor-version":[{"id":825,"href":"https:\/\/www.tunnevirtaamo.fi\/index.php\/wp-json\/wp\/v2\/pages\/730\/revisions\/825"}],"wp:attachment":[{"href":"https:\/\/www.tunnevirtaamo.fi\/index.php\/wp-json\/wp\/v2\/media?parent=730"}],"curies":[{"name":"wp","href":"https:\/\/api.w.org\/{rel}","templated":true}]}}