{"id":648,"date":"2021-08-02T17:49:20","date_gmt":"2021-08-02T17:49:20","guid":{"rendered":"http:\/\/www.tunnevirtaamo.fi\/?page_id=648"},"modified":"2021-09-01T09:27:39","modified_gmt":"2021-09-01T09:27:39","slug":"lahjakortit","status":"publish","type":"page","link":"https:\/\/www.tunnevirtaamo.fi\/index.php\/lahjakortit\/","title":{"rendered":"Lahjakortit"},"content":{"rendered":"\n\n\t\t\t\t<img loading=\"lazy\" src=\"http:\/\/www.tunnevirtaamo.fi\/wp-content\/uploads\/2021\/08\/Lahjakortit-300x100.png\" alt=\"Lahjakortit\" itemprop=\"image\" height=\"100\" width=\"300\" title=\"Lahjakortit\" onerror=\"this.style.display='none'\"  \/>\n\t<p>Ilahduta lahjakortilla. Mainio lahjaidea, koska sen saaja voi valita itselleen sopivan palvelun. Lahjakortti on monipuolinen ja arvostettu lahja. Lahjakortilla voit yll\u00e4tt\u00e4\u00e4 ja ihastuttaa yst\u00e4v\u00e4n, l\u00e4heisen tai rakkaasi. Kortteja voi muokata esimerkiksi ottamalla \u00e4idille tarran pois.<\/p>\n<p> Lahjakortti toimitetaan postitse tai noudettaessa.\u00a0Lahjakortteillamme on 6 kk voimassaoloaika.<\/p>\n<p>Lahjakortin arvo maksetaan tilille Jenni Santava\u00a0 FI81 12623500 115949 lis\u00e4ksi kirjoita viestikentt\u00e4\u00e4n postitusosoite sek\u00e4 lahjakortin numero.<\/p>\n\t\t\t\t<img loading=\"lazy\" src=\"http:\/\/www.tunnevirtaamo.fi\/wp-content\/uploads\/2021\/08\/Lahjakortti1.jpg\" alt=\"Lahjakortti1\" itemprop=\"image\" height=\"1368\" width=\"1026\" title=\"Lahjakortti1\" onerror=\"this.style.display='none'\"  \/>\n\t<p>Lahjakortti 1<\/p>\n<p>&nbsp;<\/p>\n\t\t\t\t<img loading=\"lazy\" src=\"http:\/\/www.tunnevirtaamo.fi\/wp-content\/uploads\/2021\/08\/Lahjakortti_lila.jpg\" alt=\"Lahjakortti_lila\" itemprop=\"image\" height=\"1368\" width=\"1026\" title=\"Lahjakortti_lila\" onerror=\"this.style.display='none'\"  \/>\n\t<p>Lahjakortti 2<\/p>\n<p>&nbsp;<\/p>\n\t\t\t\t<img loading=\"lazy\" src=\"http:\/\/www.tunnevirtaamo.fi\/wp-content\/uploads\/2021\/08\/Lahjakortti5.jpg\" alt=\"Lahjakortti5\" itemprop=\"image\" height=\"1368\" width=\"1026\" title=\"Lahjakortti5\" onerror=\"this.style.display='none'\"  \/>\n\t<p>Lahjakortti 3<\/p>\n<p>&nbsp;<\/p>\n\t\t\t\t<img loading=\"lazy\" src=\"http:\/\/www.tunnevirtaamo.fi\/wp-content\/uploads\/2021\/08\/Lahjakortti2.jpg\" alt=\"Lahjakortti2\" itemprop=\"image\" height=\"1368\" width=\"1026\" title=\"Lahjakortti2\" onerror=\"this.style.display='none'\"  \/>\n\t<p>Lahjakortti 4<\/p>\n<p>&nbsp;<\/p>\n\t\t\t\t<img loading=\"lazy\" src=\"http:\/\/www.tunnevirtaamo.fi\/wp-content\/uploads\/2021\/08\/Lahjakortti-ruusut-pastelli-ja-valkoiset.jpg\" alt=\"Lahjakortti ruusut pastelli ja valkoiset\" itemprop=\"image\" height=\"1368\" width=\"1026\" title=\"Lahjakortti ruusut pastelli ja valkoiset\" onerror=\"this.style.display='none'\"  \/>\n\t<p>Lahjakortti 5<\/p>\n<p>&nbsp;<\/p>\n\t\t\t\t<img loading=\"lazy\" src=\"http:\/\/www.tunnevirtaamo.fi\/wp-content\/uploads\/2021\/08\/Lahjakorttilila-musta-tausta.jpg\" alt=\"Lahjakorttilila musta tausta\" itemprop=\"image\" height=\"1368\" width=\"1026\" title=\"Lahjakorttilila musta tausta\" onerror=\"this.style.display='none'\"  \/>\n\t<p>Lahjakortti 6<\/p>\n<p>&nbsp;<\/p>\n\t\t\t\t<img loading=\"lazy\" src=\"http:\/\/www.tunnevirtaamo.fi\/wp-content\/uploads\/2021\/08\/Lahjakortti4.jpg\" alt=\"Lahjakortti4\" itemprop=\"image\" height=\"1368\" width=\"1026\" title=\"Lahjakortti4\" onerror=\"this.style.display='none'\"  \/>\n\t<p>Lahjakortti 7<\/p>\n<p>&nbsp;<\/p>\n\t\t\t\t<img loading=\"lazy\" src=\"http:\/\/www.tunnevirtaamo.fi\/wp-content\/uploads\/2021\/08\/Lahjokortt9.jpg\" alt=\"Lahjokortt9\" itemprop=\"image\" height=\"1368\" width=\"1026\" title=\"Lahjokortt9\" onerror=\"this.style.display='none'\"  \/>\n\t<p>Lahjakortti 8<\/p>\n<p>&nbsp;<\/p>\n\n","protected":false},"excerpt":{"rendered":"<p>Ilahduta lahjakortilla. Mainio lahjaidea, koska sen saaja voi valita itselleen sopivan palvelun. Lahjakortti on monipuolinen ja arvostettu lahja. Lahjakortilla voit yll\u00e4tt\u00e4\u00e4 ja ihastuttaa yst\u00e4v\u00e4n, l\u00e4heisen tai rakkaasi. Kortteja voi muokata esimerkiksi ottamalla \u00e4idille tarran pois. Lahjakortti toimitetaan postitse tai noudettaessa.\u00a0Lahjakortteillamme on 6 kk voimassaoloaika. Lahjakortin arvo maksetaan tilille Jenni Santava\u00a0 FI81 12623500 115949 lis\u00e4ksi kirjoita<span class=\"dots\"> &hellip; <\/span><span class=\"link-more\"><a href=\"https:\/\/www.tunnevirtaamo.fi\/index.php\/lahjakortit\/\" class=\"more-link\">Read more <span class=\"screen-reader-text\">&#8221;Lahjakortit&#8221;<\/span><\/a><\/span><\/p>\n","protected":false},"author":1,"featured_media":0,"parent":0,"menu_order":0,"comment_status":"closed","ping_status":"closed","template":"","meta":{"_mi_skip_tracking":false},"_links":{"self":[{"href":"https:\/\/www.tunnevirtaamo.fi\/index.php\/wp-json\/wp\/v2\/pages\/648"}],"collection":[{"href":"https:\/\/www.tunnevirtaamo.fi\/index.php\/wp-json\/wp\/v2\/pages"}],"about":[{"href":"https:\/\/www.tunnevirtaamo.fi\/index.php\/wp-json\/wp\/v2\/types\/page"}],"author":[{"embeddable":true,"href":"https:\/\/www.tunnevirtaamo.fi\/index.php\/wp-json\/wp\/v2\/users\/1"}],"replies":[{"embeddable":true,"href":"https:\/\/www.tunnevirtaamo.fi\/index.php\/wp-json\/wp\/v2\/comments?post=648"}],"version-history":[{"count":22,"href":"https:\/\/www.tunnevirtaamo.fi\/index.php\/wp-json\/wp\/v2\/pages\/648\/revisions"}],"predecessor-version":[{"id":700,"href":"https:\/\/www.tunnevirtaamo.fi\/index.php\/wp-json\/wp\/v2\/pages\/648\/revisions\/700"}],"wp:attachment":[{"href":"https:\/\/www.tunnevirtaamo.fi\/index.php\/wp-json\/wp\/v2\/media?parent=648"}],"curies":[{"name":"wp","href":"https:\/\/api.w.org\/{rel}","templated":true}]}}