{"id":601,"date":"2021-07-28T11:57:29","date_gmt":"2021-07-28T11:57:29","guid":{"rendered":"http:\/\/www.tunnevirtaamo.fi\/?page_id=601"},"modified":"2021-08-02T11:03:12","modified_gmt":"2021-08-02T11:03:12","slug":"synnytykseen-valmistava-vyohyketerapia","status":"publish","type":"page","link":"https:\/\/www.tunnevirtaamo.fi\/index.php\/synnytykseen-valmistava-vyohyketerapia\/","title":{"rendered":"Synnytykseen valmistava vy\u00f6hyketerapia"},"content":{"rendered":"\n\n\t\t\t\t<img loading=\"lazy\" src=\"http:\/\/www.tunnevirtaamo.fi\/wp-content\/uploads\/2021\/07\/Synnytykseen-valmsitava-vyohyketerapia-300x110.png\" alt=\"Synnytykseen valmsitava vy\u00f6hyketerapia\" itemprop=\"image\" height=\"110\" width=\"300\" title=\"Synnytykseen valmsitava vy\u00f6hyketerapia\" onerror=\"this.style.display='none'\"  \/>\n\t<p>Kun Rv 38 on t\u00e4ynn\u00e4 voi tulla hoitoon. Voit maata hoitop\u00f6yd\u00e4ll\u00e4 sel\u00e4ll\u00e4\u00e4n, P\u00e4\u00e4dyn saa my\u00f6s korotettua istuma asentoon.\u00a0 Ilmoitathan varausvaiheessa viestikentt\u00e4osiossa mik\u00e4li et pysty olla makuullaan.<\/p>\nHoidon voi tehd\u00e4 my\u00f6s kyljelleen. Kehosta hoidetaan erilaisia pisteit\u00e4 ja tasoja jotta saadaan \u00e4iti rentoutumaan ja keho valmistautumaan synnytykseen. Tavoitteena my\u00f6s supistusten alkaminen, joka alkaakin yleens\u00e4 2-3pv hoidon j\u00e4lkeen, jos ei niin voi olla hyv\u00e4 ottaa toinen hoito. Vauva kuitenkin itse m\u00e4\u00e4r\u00e4\u00e4 milloin syntyy <img role=\"img\" draggable=\"false\" src=\"https:\/\/s.w.org\/images\/core\/emoji\/13.0.1\/svg\/2764.svg\" alt=\"\u2764\ufe0f\" \/>.<br \/>\nMy\u00f6s keskustelu voi olla hyv\u00e4ksi, mik\u00e4li \u00e4idill\u00e4 on pelkoja taikka j\u00e4nnityksi\u00e4 liittyen perheeseen, parisuhteeseen taikka synnytykseen.\n\t<p>Hoitoon voi tulla mik\u00e4li raskaus on edennyt normaalisti.<\/p>\n\t\t\t\t<img loading=\"lazy\" src=\"http:\/\/www.tunnevirtaamo.fi\/wp-content\/uploads\/2021\/07\/Synnytysvalmennus.jpg\" alt=\"Synnytysvalmennus\" itemprop=\"image\" height=\"403\" width=\"588\" title=\"Synnytysvalmennus\" onerror=\"this.style.display='none'\"  \/>\n\t\t\t\t<img loading=\"lazy\" src=\"http:\/\/www.tunnevirtaamo.fi\/wp-content\/uploads\/2021\/07\/Jalkahoito.jpg\" alt=\"Jalkahoito\" itemprop=\"image\" height=\"663\" width=\"972\" title=\"Jalkahoito\" onerror=\"this.style.display='none'\"  \/>\n\t\t\t<a href=\"https:\/\/vello.fi\/tunnevirtaamo\/\" target=\"_self\" role=\"button\" rel=\"noopener\">\n\t\t\t\t\t\t\tVARAA AIKA\n\t\t\t<\/a>\n\t\t\t\t<img loading=\"lazy\" src=\"http:\/\/www.tunnevirtaamo.fi\/wp-content\/uploads\/2021\/07\/Asiakaspalautteet_F-300x92.png\" alt=\"Asiakaspalautteet_F\" itemprop=\"image\" height=\"92\" width=\"300\" title=\"Asiakaspalautteet_F\" onerror=\"this.style.display='none'\"  \/>\n<p>&nbsp;<\/p>\n<p>&nbsp;<\/p>\n<p>&nbsp;<\/p>\n<p>&nbsp;<\/p>\n\n","protected":false},"excerpt":{"rendered":"<p>Kun Rv 38 on t\u00e4ynn\u00e4 voi tulla hoitoon. Voit maata hoitop\u00f6yd\u00e4ll\u00e4 sel\u00e4ll\u00e4\u00e4n, P\u00e4\u00e4dyn saa my\u00f6s korotettua istuma asentoon.\u00a0 Ilmoitathan varausvaiheessa viestikentt\u00e4osiossa mik\u00e4li et pysty olla makuullaan. Hoidon voi tehd\u00e4 my\u00f6s kyljelleen. Kehosta hoidetaan erilaisia pisteit\u00e4 ja tasoja jotta saadaan \u00e4iti rentoutumaan ja keho valmistautumaan synnytykseen. Tavoitteena my\u00f6s supistusten alkaminen, joka alkaakin yleens\u00e4 2-3pv hoidon j\u00e4lkeen,<span class=\"dots\"> &hellip; <\/span><span class=\"link-more\"><a href=\"https:\/\/www.tunnevirtaamo.fi\/index.php\/synnytykseen-valmistava-vyohyketerapia\/\" class=\"more-link\">Read more <span class=\"screen-reader-text\">&#8221;Synnytykseen valmistava vy\u00f6hyketerapia&#8221;<\/span><\/a><\/span><\/p>\n","protected":false},"author":1,"featured_media":0,"parent":0,"menu_order":0,"comment_status":"closed","ping_status":"closed","template":"","meta":{"_mi_skip_tracking":false},"_links":{"self":[{"href":"https:\/\/www.tunnevirtaamo.fi\/index.php\/wp-json\/wp\/v2\/pages\/601"}],"collection":[{"href":"https:\/\/www.tunnevirtaamo.fi\/index.php\/wp-json\/wp\/v2\/pages"}],"about":[{"href":"https:\/\/www.tunnevirtaamo.fi\/index.php\/wp-json\/wp\/v2\/types\/page"}],"author":[{"embeddable":true,"href":"https:\/\/www.tunnevirtaamo.fi\/index.php\/wp-json\/wp\/v2\/users\/1"}],"replies":[{"embeddable":true,"href":"https:\/\/www.tunnevirtaamo.fi\/index.php\/wp-json\/wp\/v2\/comments?post=601"}],"version-history":[{"count":21,"href":"https:\/\/www.tunnevirtaamo.fi\/index.php\/wp-json\/wp\/v2\/pages\/601\/revisions"}],"predecessor-version":[{"id":638,"href":"https:\/\/www.tunnevirtaamo.fi\/index.php\/wp-json\/wp\/v2\/pages\/601\/revisions\/638"}],"wp:attachment":[{"href":"https:\/\/www.tunnevirtaamo.fi\/index.php\/wp-json\/wp\/v2\/media?parent=601"}],"curies":[{"name":"wp","href":"https:\/\/api.w.org\/{rel}","templated":true}]}}