{"id":52,"date":"2021-06-21T14:25:48","date_gmt":"2021-06-21T14:25:48","guid":{"rendered":"http:\/\/www.tunnevirtaamo.fi\/?page_id=52"},"modified":"2023-11-18T17:04:04","modified_gmt":"2023-11-18T17:04:04","slug":"palvelut","status":"publish","type":"page","link":"https:\/\/www.tunnevirtaamo.fi\/index.php\/palvelut\/","title":{"rendered":"Palvelut"},"content":{"rendered":"\n\n\t\t\t\t<img src=\"http:\/\/www.tunnevirtaamo.fi\/wp-content\/uploads\/2021\/07\/Palvelut_U-300x135.png\" alt=\"Palvelut_U\" itemprop=\"image\" title=\"Palvelut_U\" onerror=\"this.style.display='none'\"  \/>\n\t<p>Palveluiden hinnaston l\u00f6yd\u00e4t klikkaamalla varaa aika -painiketta.<\/p>\n\t\t\t<a href=\"https:\/\/vello.fi\/tunnevirtaamo\/\" target=\"_self\" role=\"button\" rel=\"noopener\">\n\t\t\t\t\t\t\tVARAA AIKA\n\t\t\t<\/a>\n\t\t\t\t<img src=\"http:\/\/www.tunnevirtaamo.fi\/wp-content\/uploads\/2021\/07\/Etusivu_Jenni-Santava.jpg\" alt=\"Etusivu_Jenni Santava\" itemprop=\"image\" title=\"Etusivu_Jenni Santava\" onerror=\"this.style.display='none'\"  \/>\n\t<h3><a href=\"http:\/\/www.tunnevirtaamo.fi\/index.php\/tunnevyohyketerapia\/\">Tunnevy\u00f6hyketerapia<\/a><\/h3>\nKehoterapiaa, johon kuuluu keskustelu ja kehonhoito. Hoidetaan tunnetukoksia, tunnetraumoja ja tunneperim\u00e4\u00e4. Oman identiteetin l\u00f6yt\u00e4mist\u00e4.<br \/>\n<a href=\"http:\/\/www.tunnevirtaamo.fi\/index.php\/tunnevyohyketerapia\/\">Lue lis\u00e4\u00e4<\/a>\n\t\t\t\t<img src=\"http:\/\/www.tunnevirtaamo.fi\/wp-content\/uploads\/2021\/07\/Synnytysvalmennus.jpg\" alt=\"Synnytysvalmennus\" itemprop=\"image\" title=\"Synnytysvalmennus\" onerror=\"this.style.display='none'\"  \/>\n\t<h3><a href=\"http:\/\/www.tunnevirtaamo.fi\/index.php\/synnytykseen-valmistava-vyohyketerapia\/\">Synnytykseen valmistava vy\u00f6hyketerapia<\/a><\/h3>\nKehon synnytykseen valmistavaa hoitoa luonnollisin avuin vy\u00f6hyketerapialla.<br \/>\n<a href=\"http:\/\/www.tunnevirtaamo.fi\/index.php\/synnytykseen-valmistava-vyohyketerapia\/\">Lue lis\u00e4\u00e4<\/a>\n\t\t\t\t<img src=\"http:\/\/www.tunnevirtaamo.fi\/wp-content\/uploads\/2021\/06\/Jenni-Santava-6.jpg\" alt=\"Jenni Santava 6\" itemprop=\"image\" title=\"Jenni Santava 6\" onerror=\"this.style.display='none'\"  \/>\n\t<h3><a href=\"http:\/\/www.tunnevirtaamo.fi\/index.php\/kuumakivihieronta\/\">Kuumakivihieronta<\/a><\/h3>\nHoito tehd\u00e4\u00e4n sileill\u00e4, l\u00e4mpimill\u00e4 basaltti- ja luonnon kivill\u00e4. Kivist\u00e4 siirtyy l\u00e4mp\u00f6\u00e4 kehoon, tuoden sinulle ainutlaatuisen syv\u00e4n rentoutuksen.<br \/>\n<a href=\"http:\/\/www.tunnevirtaamo.fi\/index.php\/kuumakivihieronta\/\">Lue lis\u00e4\u00e4<\/a>\n\t\t\t\t<img src=\"http:\/\/www.tunnevirtaamo.fi\/wp-content\/uploads\/2021\/06\/Jenni-Santava-3.jpg\" alt=\"Jenni Santava 3\" itemprop=\"image\" title=\"Jenni Santava 3\" onerror=\"this.style.display='none'\"  \/>\n\t<h3>\n<a href=\"http:\/\/www.tunnevirtaamo.fi\/index.php\/kauneudenhoito\/\">Kauneudenhoito<\/a><\/h3>\n<p>Sokeroinnilla hell\u00e4sti ihokarvojen poisto. Helpottaa arkea, koska sokerointi v\u00e4li on n 3-6vko eik\u00e4 v\u00e4liss\u00e4 tarvitse seivata.<\/p>\nGeelilakkauksilla kest\u00e4v\u00e4mm\u00e4t kauniit s\u00e4vyt kynsiin.<br \/>\n<a href=\"http:\/\/www.tunnevirtaamo.fi\/index.php\/kauneudenhoito\/\">Lue lis\u00e4\u00e4<\/a>\n\t\t\t\t<img src=\"http:\/\/www.tunnevirtaamo.fi\/wp-content\/uploads\/2021\/07\/Jenni-tyohuone.jpg\" alt=\"Jenni ty\u00f6huone\" itemprop=\"image\" title=\"Jenni ty\u00f6huone\" onerror=\"this.style.display='none'\"  \/>\n\t\t\t\t<img src=\"http:\/\/www.tunnevirtaamo.fi\/wp-content\/uploads\/2021\/07\/Hoitohuone-300x139.png\" alt=\"Hoitohuone\" itemprop=\"image\" title=\"Hoitohuone\" onerror=\"this.style.display='none'\"  \/>\n\t<p>Kotoisa hiljainen hoitohuoneeni sijaitsee omakotitalomme yhteydess\u00e4 kellaritiloissa. Oma sis\u00e4\u00e4nk\u00e4ynti on talon takana. Muutama porras askelma alas p\u00e4in ja sukella sis\u00e4\u00e4n pienest\u00e4 ovesta. T\u00e4\u00e4ll\u00e4 min\u00e4 odottelen sovittuna aikana sinua <img loading=\"lazy\" src=\"https:\/\/static.xx.fbcdn.net\/images\/emoji.php\/v9\/t6c\/1\/16\/2764.png\" alt=\"\u2764\ufe0f\" width=\"16\" height=\"16\" \/><\/p>\n\t\t\t<a href=\"https:\/\/vello.fi\/tunnevirtaamo\/\" target=\"_self\" role=\"button\" rel=\"noopener\">\n\t\t\t\t\t\t\tVARAA AIKA\n\t\t\t<\/a>\n\n","protected":false},"excerpt":{"rendered":"<p>Palveluiden hinnaston l\u00f6yd\u00e4t klikkaamalla varaa aika -painiketta. VARAA AIKA Tunnevy\u00f6hyketerapia Kehoterapiaa, johon kuuluu keskustelu ja kehonhoito. Hoidetaan tunnetukoksia, tunnetraumoja ja tunneperim\u00e4\u00e4. Oman identiteetin l\u00f6yt\u00e4mist\u00e4. Lue lis\u00e4\u00e4 Synnytykseen valmistava vy\u00f6hyketerapia Kehon synnytykseen valmistavaa hoitoa luonnollisin avuin vy\u00f6hyketerapialla. Lue lis\u00e4\u00e4 Kuumakivihieronta Hoito tehd\u00e4\u00e4n sileill\u00e4, l\u00e4mpimill\u00e4 basaltti- ja luonnon kivill\u00e4. Kivist\u00e4 siirtyy l\u00e4mp\u00f6\u00e4 kehoon, tuoden sinulle ainutlaatuisen syv\u00e4n<span class=\"dots\"> &hellip; <\/span><span class=\"link-more\"><a href=\"https:\/\/www.tunnevirtaamo.fi\/index.php\/palvelut\/\" class=\"more-link\">Read more <span class=\"screen-reader-text\">&#8221;Palvelut&#8221;<\/span><\/a><\/span><\/p>\n","protected":false},"author":1,"featured_media":0,"parent":0,"menu_order":0,"comment_status":"closed","ping_status":"closed","template":"","meta":{"_mi_skip_tracking":false},"_links":{"self":[{"href":"https:\/\/www.tunnevirtaamo.fi\/index.php\/wp-json\/wp\/v2\/pages\/52"}],"collection":[{"href":"https:\/\/www.tunnevirtaamo.fi\/index.php\/wp-json\/wp\/v2\/pages"}],"about":[{"href":"https:\/\/www.tunnevirtaamo.fi\/index.php\/wp-json\/wp\/v2\/types\/page"}],"author":[{"embeddable":true,"href":"https:\/\/www.tunnevirtaamo.fi\/index.php\/wp-json\/wp\/v2\/users\/1"}],"replies":[{"embeddable":true,"href":"https:\/\/www.tunnevirtaamo.fi\/index.php\/wp-json\/wp\/v2\/comments?post=52"}],"version-history":[{"count":78,"href":"https:\/\/www.tunnevirtaamo.fi\/index.php\/wp-json\/wp\/v2\/pages\/52\/revisions"}],"predecessor-version":[{"id":717,"href":"https:\/\/www.tunnevirtaamo.fi\/index.php\/wp-json\/wp\/v2\/pages\/52\/revisions\/717"}],"wp:attachment":[{"href":"https:\/\/www.tunnevirtaamo.fi\/index.php\/wp-json\/wp\/v2\/media?parent=52"}],"curies":[{"name":"wp","href":"https:\/\/api.w.org\/{rel}","templated":true}]}}