{"id":29,"date":"2021-06-21T14:14:23","date_gmt":"2021-06-21T14:14:23","guid":{"rendered":"http:\/\/www.tunnevirtaamo.fi\/?page_id=29"},"modified":"2026-04-21T06:27:09","modified_gmt":"2026-04-21T06:27:09","slug":"yhteystiedot","status":"publish","type":"page","link":"https:\/\/www.tunnevirtaamo.fi\/index.php\/yhteystiedot\/","title":{"rendered":"Yhteystiedot"},"content":{"rendered":"\n<iframe src=\"https:\/\/www.google.com\/maps\/embed?pb=!1m18!1m12!1m3!1d1975.548657604847!2d25.059617512859948!3d60.320521375005605!2m3!1f0!2f0!3f0!3m2!1i1024!2i768!4f13.1!3m3!1m2!1s0x4692070dd642a1e7%3A0xb81fd8eadf03b356!2sKyt%C3%B6tie%2017%2C%2001360%20Vantaa!5e0!3m2!1sfi!2sfi!4v1725026707772!5m2!1sfi!2sfi\" width=\"600\" height=\"450\" allowfullscreen=\"\" loading=\"lazy\" referrerpolicy=\"no-referrer-when-downgrade\"><\/iframe>\n\t\t\t\t<img src=\"http:\/\/www.tunnevirtaamo.fi\/wp-content\/uploads\/2021\/07\/cropped-Logo-Tunnevirtaamo-300x99.png\" alt=\"http:\/\/www.tunnevirtaamo.fi\/wp-content\/uploads\/2021\/07\/cropped-Logo-Tunnevirtaamo.png\" itemprop=\"image\" title=\"cropped-Logo-Tunnevirtaamo.png\" onerror=\"this.style.display='none'\">\n\t<p><strong>Koivukyl\u00e4n toimipiste menee putkiremonttiin 27.4.26-15.11.26 ajaksi.<\/strong><\/p>\n<p>T\u00e4ll\u00f6in vastaanotto vain Kaislatie 20b 01300 Vantaa<\/p>\n<p><strong>Kyt\u00f6tie 17 c 01360 Vantaa<\/strong><\/p>\n<p><strong>Puh. 0440697609<\/strong><\/p>\n\t\t\t<a href=\"https:\/\/www.google.fi\/maps\/place\/Kaislatie+20b,+01300+Vantaa\/@60.2885739,25.0237895,17z\/data=!3m1!4b1!4m5!3m4!1s0x469207c1387920ff:0x75d69922d83c6b01!8m2!3d60.2885713!4d25.0259781\" target=\"_self\" role=\"button\" rel=\"noopener\">\n\t\t\t\t\t\t\tGoogle kartta\n\t\t\t<\/a>\n\t<p>Toinen hoitohuone on Kaislatiell\u00e4 Tikkurilassa. Jos haluat tulla Kaislatielle, katso vapaana olevat ajat vellosta ja laita sitten viesti\u00e4 puhelimitse p. 0440697609<\/p>\n\t\t\t<a href=\"https:\/\/vello.fi\/tunnevirtaamo\/\" target=\"_self\" role=\"button\" rel=\"noopener\">\n\t\t\t\t\t\t\tVARAA AIKA\n\t\t\t<\/a>\n","protected":false},"excerpt":{"rendered":"<p>Koivukyl\u00e4n toimipiste menee putkiremonttiin 27.4.26-15.11.26 ajaksi. T\u00e4ll\u00f6in vastaanotto vain Kaislatie 20b 01300 Vantaa Kyt\u00f6tie 17 c 01360 Vantaa Puh. 0440697609 Google kartta Toinen hoitohuone on Kaislatiell\u00e4 Tikkurilassa. Jos haluat tulla Kaislatielle, katso vapaana olevat ajat vellosta ja laita sitten viesti\u00e4 puhelimitse p. 0440697609 VARAA AIKA<\/p>\n","protected":false},"author":1,"featured_media":0,"parent":0,"menu_order":0,"comment_status":"closed","ping_status":"closed","template":"","meta":{"_mi_skip_tracking":false},"_links":{"self":[{"href":"https:\/\/www.tunnevirtaamo.fi\/index.php\/wp-json\/wp\/v2\/pages\/29"}],"collection":[{"href":"https:\/\/www.tunnevirtaamo.fi\/index.php\/wp-json\/wp\/v2\/pages"}],"about":[{"href":"https:\/\/www.tunnevirtaamo.fi\/index.php\/wp-json\/wp\/v2\/types\/page"}],"author":[{"embeddable":true,"href":"https:\/\/www.tunnevirtaamo.fi\/index.php\/wp-json\/wp\/v2\/users\/1"}],"replies":[{"embeddable":true,"href":"https:\/\/www.tunnevirtaamo.fi\/index.php\/wp-json\/wp\/v2\/comments?post=29"}],"version-history":[{"count":54,"href":"https:\/\/www.tunnevirtaamo.fi\/index.php\/wp-json\/wp\/v2\/pages\/29\/revisions"}],"predecessor-version":[{"id":836,"href":"https:\/\/www.tunnevirtaamo.fi\/index.php\/wp-json\/wp\/v2\/pages\/29\/revisions\/836"}],"wp:attachment":[{"href":"https:\/\/www.tunnevirtaamo.fi\/index.php\/wp-json\/wp\/v2\/media?parent=29"}],"curies":[{"name":"wp","href":"https:\/\/api.w.org\/{rel}","templated":true}]}}