{"id":195,"date":"2021-07-02T06:58:50","date_gmt":"2021-07-02T06:58:50","guid":{"rendered":"http:\/\/www.tunnevirtaamo.fi\/?page_id=195"},"modified":"2021-08-02T17:42:59","modified_gmt":"2021-08-02T17:42:59","slug":"kuumakivihieronta","status":"publish","type":"page","link":"https:\/\/www.tunnevirtaamo.fi\/index.php\/kuumakivihieronta\/","title":{"rendered":"Kuumakivihieronta"},"content":{"rendered":"\n<h1>\n\t\tAivan jokaiselle olisi pieni hetki rentoutumiseen&#8230;\n\t<\/h1>\n\t<h2>Olet sen ansainnut<\/h2>\n\t\t\t\t<img loading=\"lazy\" src=\"http:\/\/www.tunnevirtaamo.fi\/wp-content\/uploads\/2021\/07\/Kuumakivihieronta.png\" alt=\"Kuumakivihieronta\" itemprop=\"image\" height=\"401\" width=\"1201\" title=\"Kuumakivihieronta\" onerror=\"this.style.display='none'\"  \/>\n\t<p>Hoito tehd\u00e4\u00e4n sileill\u00e4, l\u00e4mpimill\u00e4 basaltti- ja luonnonkivill\u00e4. Kivist\u00e4 siirtyy l\u00e4mp\u00f6\u00e4 kehoon, tuoden sinulle ainutlaatuisen syv\u00e4n rentoutuksen. Samalla lihaskudos pehmenee, aineenvaihdunta paranee, lymfa-, ja verenkierto lis\u00e4\u00e4ntyy ja kuona-aineet poistuvat kehosta. Sopii hyvin esimerkiksi urheilua harrastaville, joilla lihakset ovat j\u00e4nnittyneet. Aivan jokaiselle olisi pieni hetki rentoutumisen parissa suotavaa, t\u00e4ss\u00e4 kiireisess\u00e4 maailmassa. Ei suositella vakavasti sairastuneille, mik\u00e4li olet ep\u00e4varma keskustelethan l\u00e4\u00e4k\u00e4risi kanssa onko t\u00e4m\u00e4 hoito sinulle hyv\u00e4ksi.<\/p>\n\t\t\t<a href=\"https:\/\/vello.fi\/tunnevirtaamo\/\" target=\"_self\" role=\"button\" rel=\"noopener\">\n\t\t\t\t\t\t\tVARAA AIKA\n\t\t\t<\/a>\n\t\t\t\t<img loading=\"lazy\" src=\"http:\/\/www.tunnevirtaamo.fi\/wp-content\/uploads\/2021\/06\/Jenni-Santava-5.jpg\" alt=\"Jenni Santava 5\" itemprop=\"image\" height=\"1368\" width=\"1026\" title=\"Jenni Santava 5\" onerror=\"this.style.display='none'\"  \/>\n\t\t\t\t<img loading=\"lazy\" src=\"http:\/\/www.tunnevirtaamo.fi\/wp-content\/uploads\/2021\/07\/Asiakaspalautteet_F-300x92.png\" alt=\"Asiakaspalautteet_F\" itemprop=\"image\" height=\"92\" width=\"300\" title=\"Asiakaspalautteet_F\" onerror=\"this.style.display='none'\"  \/>\n\t<p>&#8221;Kuumakivihieronta on aivan taivaallisen ihana ja rentouttava hoito, jossa p\u00e4\u00e4see hetkeksi irti arjen kiireest\u00e4. Olo on hoidon j\u00e4lkeen pitk\u00e4\u00e4n stressit\u00f6n ja virke\u00e4. Suosittelen l\u00e4mpim\u00e4sti&#8221;<\/p>\n\t<p>&#8221;Jennin kuumakivihieronta on uskomattoman rentouttavaa! Ja hoidon j\u00e4lkeen on todella rauhallinen ja raukea olo koko loppup\u00e4iv\u00e4n!&#8221;<\/p>\n\n","protected":false},"excerpt":{"rendered":"<p>Aivan jokaiselle olisi pieni hetki rentoutumiseen&#8230; Olet sen ansainnut Hoito tehd\u00e4\u00e4n sileill\u00e4, l\u00e4mpimill\u00e4 basaltti- ja luonnonkivill\u00e4. Kivist\u00e4 siirtyy l\u00e4mp\u00f6\u00e4 kehoon, tuoden sinulle ainutlaatuisen syv\u00e4n rentoutuksen. Samalla lihaskudos pehmenee, aineenvaihdunta paranee, lymfa-, ja verenkierto lis\u00e4\u00e4ntyy ja kuona-aineet poistuvat kehosta. Sopii hyvin esimerkiksi urheilua harrastaville, joilla lihakset ovat j\u00e4nnittyneet. Aivan jokaiselle olisi pieni hetki rentoutumisen parissa suotavaa,<span class=\"dots\"> &hellip; <\/span><span class=\"link-more\"><a href=\"https:\/\/www.tunnevirtaamo.fi\/index.php\/kuumakivihieronta\/\" class=\"more-link\">Read more <span class=\"screen-reader-text\">&#8221;Kuumakivihieronta&#8221;<\/span><\/a><\/span><\/p>\n","protected":false},"author":1,"featured_media":0,"parent":0,"menu_order":0,"comment_status":"closed","ping_status":"closed","template":"","meta":{"_mi_skip_tracking":false},"_links":{"self":[{"href":"https:\/\/www.tunnevirtaamo.fi\/index.php\/wp-json\/wp\/v2\/pages\/195"}],"collection":[{"href":"https:\/\/www.tunnevirtaamo.fi\/index.php\/wp-json\/wp\/v2\/pages"}],"about":[{"href":"https:\/\/www.tunnevirtaamo.fi\/index.php\/wp-json\/wp\/v2\/types\/page"}],"author":[{"embeddable":true,"href":"https:\/\/www.tunnevirtaamo.fi\/index.php\/wp-json\/wp\/v2\/users\/1"}],"replies":[{"embeddable":true,"href":"https:\/\/www.tunnevirtaamo.fi\/index.php\/wp-json\/wp\/v2\/comments?post=195"}],"version-history":[{"count":28,"href":"https:\/\/www.tunnevirtaamo.fi\/index.php\/wp-json\/wp\/v2\/pages\/195\/revisions"}],"predecessor-version":[{"id":645,"href":"https:\/\/www.tunnevirtaamo.fi\/index.php\/wp-json\/wp\/v2\/pages\/195\/revisions\/645"}],"wp:attachment":[{"href":"https:\/\/www.tunnevirtaamo.fi\/index.php\/wp-json\/wp\/v2\/media?parent=195"}],"curies":[{"name":"wp","href":"https:\/\/api.w.org\/{rel}","templated":true}]}}